{"id":38,"date":"2017-08-15T11:42:01","date_gmt":"2017-08-15T09:42:01","guid":{"rendered":"https:\/\/velikorodnov.com\/dev\/owlhouse\/?page_id=38"},"modified":"2023-04-02T12:43:24","modified_gmt":"2023-04-02T10:43:24","slug":"o-nas","status":"publish","type":"page","link":"https:\/\/chatkapuchatka-grodzisk.pl\/winna\/?page_id=38","title":{"rendered":"O Nas"},"content":{"rendered":"<div class=\"wpb-content-wrapper\"><p>[vc_row][vc_column width=&#8221;1\/2&#8243;][vc_single_image image=&#8221;278&#8243; img_size=&#8221;full&#8221;][\/vc_column][vc_column width=&#8221;1\/2&#8243;][vc_column_text]<strong>Przedszkole ul. Winna powsta\u0142o we wrze\u015bniu 2016r. 8 oddzia\u0142\u00f3w, dzieci w wieku 3 \u2013 6 lat<\/strong><\/p>\n<p>Dysponujemy sze\u015bcioma salami dydaktycznymi, szatniami, \u0142azienkami, \u00a0zapleczem kuchennym, zapleczem administracyjnym oraz sal\u0105 do zaj\u0119\u0107 dodatkowych. Posiadamy w\u0142asny, przestronny Plac Zabaw oraz parking dla rodzic\u00f3w. W przedszkolu zatrudnieni s\u0105 nauczyciele z przygotowaniem pedagogicznym oraz pracownicy obs\u0142ugi r\u00f3wnie\u017c z kwalifikacjami niezb\u0119dnymi do pracy z dzie\u0107mi. Nauczyciele przedszkola prowadz\u0105 prac\u0119 wychowawczo-dydaktyczn\u0105 i opieku\u0144cz\u0105 zgodnie z obowi\u0105zuj\u0105cymi programami nauczania, odpowiadaj\u0105 za jako\u015b\u0107 i wyniki tej pracy, szanuj\u0105 godno\u015b\u0107 dziecka i respektuj\u0105 jego prawa. Dzieci mog\u0105 korzysta\u0107 z trzech posi\u0142k\u00f3w dziennie: I \u015bniadanie, II \u015bniadanie i obiad.<\/p>\n<p>Organami przedszkola s\u0105: Organ Prowadz\u0105cy \u2013 Operator Prywatny, Dyrektor Przedszkola;[\/vc_column_text][\/vc_column][\/vc_row][vc_row full_width=&#8221;stretch_row_content_no_spaces&#8221; css=&#8221;.vc_custom_1504182886990{background-color: #f6f6f6 !important;}&#8221;][vc_column][vc_mad_text_with_image image=&#8221;292&#8243;]<\/p>\n<h3>Program przedszkola<\/h3>\n<div class=\"text-wrap\">\n<p>Naszym celem jest spowodowanie, by ka\u017cde dziecko pozna\u0142o swoje mo\u017cliwo\u015bci, nauczy\u0142o si\u0119 podstaw spo\u0142ecznego \u017cycia w grupie, dawa\u0142o sobie rad\u0119 w r\u00f3\u017cnych sytuacjach problemowych, stopniowo osi\u0105ga\u0142o coraz wy\u017cszy poziom samodzielno\u015bci w samoobs\u0142udze oraz toku my\u015blenia, zosta\u0142o najlepiej przygotowane do szko\u0142y podstawowej.<\/p>\n<p>Pragniemy, aby nasi wychowankowie byli wyposa\u017ceni w wiedz\u0119, umiej\u0119tno\u015bci i sprawno\u015bci, kt\u00f3re pozwol\u0105 sprosta\u0107 wymaganiom stawianym w szkole i doros\u0142ym \u017cyciu. Chcemy nauczy\u0107 ich otwarto\u015bci na kontakty z innymi lud\u017ami, aby cechowa\u0142a ich \u015bmia\u0142a i tw\u00f3rcza postawa wobec otaczaj\u0105cego \u015bwiata w zjednoczonej Europie.<\/p>\n<p>Przedszkole jest plac\u00f3wk\u0105 dzia\u0142aj\u0105c\u0105 na rzecz dzieci i rodziny. Tworzymy takie warunki, aby ka\u017cde dziecko mia\u0142o mo\u017cliwo\u015b\u0107 pe\u0142nego rozwoju w atmosferze akceptacji i bezpiecze\u0144stwa. Podejmujemy r\u00f3wnie\u017c partnerski dialog z rodzin\u0105, szko\u0142\u0105, w\u0142adzami o\u015bwiatowymi oraz \u015brodowiskiem lokalnym. D\u0105\u017cymy w naszym dzia\u0142aniu do profesjonalizmu. Posiadamy wysokie kwalifikacje. Cechuje nas otwarto\u015b\u0107 na potrzeby innych. Poszukujemy nowych, najbardziej trafnych metod i form pracy. Nasz\u0105 dewiz\u0105 jest integrowanie \u015brodowiska lokalnego. Nasze przedszkole b\u0119dzie promowa\u0107 radosne dzieci\u0144stwo, kt\u00f3re pokazuje, \u017ce zabawa mo\u017ce by\u0107 nauk\u0105, a nauka zabaw\u0105.<\/p>\n<\/div>\n<p>[\/vc_mad_text_with_image][\/vc_column][\/vc_row][vc_row full_width=&#8221;stretch_row_content_no_spaces&#8221; css=&#8221;.vc_custom_1511509141008{background-color: #ffffff !important;}&#8221;][vc_column][vc_mad_text_with_image box_type=&#8221;type-2&#8243; image=&#8221;293&#8243;]<\/p>\n<h3>Wizja przedszkola<\/h3>\n<p>Przedszkole nasze, zadba o to by dzieci by\u0142y otwarte, tw\u00f3rcze, samodzielne i spontaniczne, by zna\u0142y siebie i w\u0142asne mo\u017cliwo\u015bci oraz szanowa\u0142y i tolerowa\u0142y odr\u0119bno\u015b\u0107 innych, radzi\u0142y sobie w sytuacjach trudnych, umia\u0142y rozwi\u0105zywa\u0107 problemy i by\u0142y dobrze przygotowane do obowi\u0105zku szkolnego.<\/p>\n<p>Dzi\u0119ki temu dzieci rozpoczn\u0105 nauk\u0119 bez stresu i b\u0119d\u0105 osi\u0105ga\u0107 sukcesy. Nowoczesne metody i formy pracy zapewni\u0105 dzieciom atrakcyjny, tw\u00f3rczy i aktywny spos\u00f3b na osi\u0105ganie sukces\u00f3w rozwojowych.<\/p>\n<p>Program wychowawczy b\u0119dzie dostosowany do potrzeb i oczekiwa\u0144 dzieci, rodzic\u00f3w i \u015brodowiska lokalnego z poszanowaniem praw dziecka. Nad rozwojem dzieci b\u0119dzie czuwa\u0107 wykwalifikowana i kompetentna kadra, dziel\u0105ca si\u0119 wiedz\u0105 i umiej\u0119tno\u015bciami z pracownikami przedszkola i rodzicami.<\/p>\n<p>G\u0142\u00f3wnym zadaniem przedszkola jest opieka, wychowanie i nauczanie, wspieranie rozwoju ka\u017cdego dziecka. Naszym za\u0142o\u017ceniem jest realizacja tego zadania w spos\u00f3b nowatorski, przyjazny dzieciom, ich rodzinom i nauczycielom. Zamierzamy osi\u0105gn\u0105\u0107 to przez stosowanie aktywnych metod nauczania; Promowanie zdrowego stylu \u017cycia; Respektowanie zasad bezpiecze\u0144stwa; Promowanie przedszkola w \u015brodowisku lokalnym.<\/p>\n<p>[\/vc_mad_text_with_image][\/vc_column][\/vc_row][vc_row full_width=&#8221;stretch_row_content_no_spaces&#8221; css=&#8221;.vc_custom_1504599035648{margin-bottom: 20px !important;background-color: #f6f6f6 !important;}&#8221;][vc_column][vc_mad_text_with_image image=&#8221;294&#8243;]<\/p>\n<h3>Godziny otwarcia<\/h3>\n<div class=\"text-wrap\">\n<p>od poniedzia\u0142ku do pi\u0105tku od godziny 6:30 do 17:00<\/p>\n<\/div>\n<p>[\/vc_mad_text_with_image][\/vc_column][\/vc_row][vc_row css=&#8221;.vc_custom_1504616216170{padding-top: 60px !important;padding-bottom: 60px !important;}&#8221;][vc_column][vc_mad_cta h2=&#8221;ZAPISY 2022-2023&#8243; p=&#8221;Ut tellus dolor, dapibus eget, elementum vel, cursus eleifend, elit. Aenean auctor wisi et urna.&#8221; add=&#8221;button&#8221; add_second_button=&#8221;1&#8243; h3=&#8221;ENROL YOUR CHILD FOR 2017-2018&#8243; link=&#8221;url:https%3A%2F%2Fvelikorodnov.com%2Fwordpress%2Fsuperowly%2Fcontact-us%2F|title:Enrol%20Now!|target:%20_blank|&#8221; second_link=&#8221;855-605-8080&#8243;][\/vc_column][\/vc_row]<\/p>\n<\/div>","protected":false},"excerpt":{"rendered":"<p>[vc_row][vc_column width=&#8221;1\/2&#8243;][vc_single_image image=&#8221;278&#8243; img_size=&#8221;full&#8221;][\/vc_column][vc_column width=&#8221;1\/2&#8243;][vc_column_text]Przedszkole ul. Winna powsta\u0142o we wrze\u015bniu 2016r. 8 oddzia\u0142\u00f3w, dzieci w wieku 3 \u2013 6 lat Dysponujemy sze\u015bcioma salami dydaktycznymi, szatniami, \u0142azienkami, \u00a0zapleczem kuchennym, zapleczem administracyjnym [&hellip;]<\/p>\n","protected":false},"author":1,"featured_media":0,"parent":0,"menu_order":0,"comment_status":"closed","ping_status":"closed","template":"","meta":{"footnotes":""},"class_list":["post-38","page","type-page","status-publish","hentry"],"_links":{"self":[{"href":"https:\/\/chatkapuchatka-grodzisk.pl\/winna\/index.php?rest_route=\/wp\/v2\/pages\/38","targetHints":{"allow":["GET"]}}],"collection":[{"href":"https:\/\/chatkapuchatka-grodzisk.pl\/winna\/index.php?rest_route=\/wp\/v2\/pages"}],"about":[{"href":"https:\/\/chatkapuchatka-grodzisk.pl\/winna\/index.php?rest_route=\/wp\/v2\/types\/page"}],"author":[{"embeddable":true,"href":"https:\/\/chatkapuchatka-grodzisk.pl\/winna\/index.php?rest_route=\/wp\/v2\/users\/1"}],"replies":[{"embeddable":true,"href":"https:\/\/chatkapuchatka-grodzisk.pl\/winna\/index.php?rest_route=%2Fwp%2Fv2%2Fcomments&post=38"}],"version-history":[{"count":6,"href":"https:\/\/chatkapuchatka-grodzisk.pl\/winna\/index.php?rest_route=\/wp\/v2\/pages\/38\/revisions"}],"predecessor-version":[{"id":1699,"href":"https:\/\/chatkapuchatka-grodzisk.pl\/winna\/index.php?rest_route=\/wp\/v2\/pages\/38\/revisions\/1699"}],"wp:attachment":[{"href":"https:\/\/chatkapuchatka-grodzisk.pl\/winna\/index.php?rest_route=%2Fwp%2Fv2%2Fmedia&parent=38"}],"curies":[{"name":"wp","href":"https:\/\/api.w.org\/{rel}","templated":true}]}}